{"id":25,"date":"2022-02-02T22:00:00","date_gmt":"2022-02-02T21:00:00","guid":{"rendered":"http:\/\/www.gross-data.de\/08-amiga\/?page_id=25"},"modified":"2022-04-25T01:49:57","modified_gmt":"2022-04-24T23:49:57","slug":"starseite","status":"publish","type":"page","link":"https:\/\/www.amiga-lps.de\/","title":{"rendered":"Startseite"},"content":{"rendered":"<h2 style=\"text-align: center;\">Willkommen bei &#8222;AMIGA-LPs.de&#8220;<\/h2>\n<p>Ich m\u00f6chte Euch einen \u00dcberblick \u00fcber die <strong>Amiga-Lizenz-Schallplatte<\/strong>, vor allem aus den Bereichen Rock und Pop, geben &#8211; einem abgeschlossenen Sammelgebiet &#8211; \u00fcberschaubar, aber doch anspruchsvoll und umfangreich.<\/p>\n<p>Hier findet ihr die Covers, die Titellisten, die Texte der LP-R\u00fcckseiten (die auf kaum einer Original LP drauf sind) und, wenn m\u00f6glich, auch weiterf\u00fchrende Informationen zur LP, zum Autor der Texte und eventuelle Unterschiede zum Original.<\/p>\n<p>Aktuell sind die <strong>LPs bis Buchstabe D fertig<\/strong>. Momentan wird am Buchstabe E gearbeitet.<\/p>\n<p>Wenn Ihr <strong>eine Liste der<\/strong> (aktuell von mir publizierten) <strong>AMIGA Lizenzschallplatten<\/strong> sucht, so findet Ihr diese im Menu LIZENZ-LPS unter &#8222;BUCHSTABE A&#8220;, &#8222;B&#8220;, &#8222;C&#8220; usw.<\/p>\n<p>Viel Spa\u00df mit dieser Seite<br>Thomas Gro\u00df<br>(Eisenach)<\/p>\n<p>PS: Alle 14 Tage wird von mir eine weitere Schallplatte in die \u00dcbersicht aufgenommen oder um wichtige Informationen erg\u00e4nzt. Es versteht sich somit von selbst, dass diese Seite(n) so schnell nicht fertig werden k\u00f6nnen \ud83d\ude09 .<\/p>\n<p>Also schaut immer mal wieder vorbei oder nutzt den <strong>RSS-FEED<\/strong>.<\/p>\n<p>&#8211;&gt; der Link:&nbsp;<a href=\"http:\/\/www.amiga-lps.de\/index.php\/feed\/\"><span style=\"text-decoration: underline;\">http:\/\/www.amiga-lps.de\/index.php\/feed\/<\/span><\/a> &lt;&#8211;<\/p>\n\n\n<p><\/p>\n","protected":false},"excerpt":{"rendered":"<p>Willkommen bei &#8222;AMIGA-LPs.de&#8220; Ich m\u00f6chte Euch einen \u00dcberblick \u00fcber die Amiga-Lizenz-Schallplatte, vor allem aus den Bereichen Rock und Pop, geben &#8211; einem abgeschlossenen Sammelgebiet &#8211; \u00fcberschaubar, aber doch anspruchsvoll und umfangreich. Hier findet ihr die Covers, die Titellisten, die Texte der LP-R\u00fcckseiten (die auf kaum einer Original LP drauf sind) und, wenn m\u00f6glich, auch weiterf\u00fchrende [&hellip;]<\/p>\n","protected":false},"author":2,"featured_media":0,"parent":0,"menu_order":0,"comment_status":"open","ping_status":"closed","template":"","meta":[],"_links":{"self":[{"href":"https:\/\/www.amiga-lps.de\/index.php\/wp-json\/wp\/v2\/pages\/25"}],"collection":[{"href":"https:\/\/www.amiga-lps.de\/index.php\/wp-json\/wp\/v2\/pages"}],"about":[{"href":"https:\/\/www.amiga-lps.de\/index.php\/wp-json\/wp\/v2\/types\/page"}],"author":[{"embeddable":true,"href":"https:\/\/www.amiga-lps.de\/index.php\/wp-json\/wp\/v2\/users\/2"}],"replies":[{"embeddable":true,"href":"https:\/\/www.amiga-lps.de\/index.php\/wp-json\/wp\/v2\/comments?post=25"}],"version-history":[{"count":43,"href":"https:\/\/www.amiga-lps.de\/index.php\/wp-json\/wp\/v2\/pages\/25\/revisions"}],"predecessor-version":[{"id":2021,"href":"https:\/\/www.amiga-lps.de\/index.php\/wp-json\/wp\/v2\/pages\/25\/revisions\/2021"}],"wp:attachment":[{"href":"https:\/\/www.amiga-lps.de\/index.php\/wp-json\/wp\/v2\/media?parent=25"}],"curies":[{"name":"wp","href":"https:\/\/api.w.org\/{rel}","templated":true}]}}